{"id":2729,"date":"2019-12-19T23:56:36","date_gmt":"2019-12-19T23:56:36","guid":{"rendered":"http:\/\/galativiagens.com\/?page_id=2729"},"modified":"2022-09-29T20:54:19","modified_gmt":"2022-09-29T19:54:19","slug":"programas-de-viagem","status":"publish","type":"page","link":"https:\/\/galativiagens.com\/en\/programas-de-viagem\/","title":{"rendered":"Packages"},"content":{"rendered":"\t\t<div data-elementor-type=\"wp-post\" data-elementor-id=\"2729\" class=\"elementor elementor-2729\" data-elementor-post-type=\"page\">\n\t\t\t\t\t\t<section class=\"elementor-section elementor-top-section elementor-element elementor-element-009b654 elementor-section-boxed elementor-section-height-default elementor-section-height-default\" data-id=\"009b654\" data-element_type=\"section\" data-e-type=\"section\">\n\t\t\t\t\t\t<div class=\"elementor-container elementor-column-gap-default\">\n\t\t\t\t\t<div class=\"elementor-column elementor-col-100 elementor-top-column elementor-element elementor-element-a790b93\" data-id=\"a790b93\" data-element_type=\"column\" data-e-type=\"column\">\n\t\t\t<div class=\"elementor-widget-wrap elementor-element-populated\">\n\t\t\t\t\t\t<div class=\"elementor-element elementor-element-be89286 elementor-widget elementor-widget-wp-widget-custom-post-type-categories\" data-id=\"be89286\" data-element_type=\"widget\" data-e-type=\"widget\" data-widget_type=\"wp-widget-custom-post-type-categories.default\">\n\t\t\t\t<div class=\"elementor-widget-container\">\n\t\t\t\t\t<h5>Filtrar por Tipo de Programa:<\/h5><label class=\"screen-reader-text\" for=\"custom-post-type-categories-dropdown-REPLACE_TO_ID\">Filtrar por Tipo de Programa:<\/label>\n<form action=\"https:\/\/galativiagens.com\/en\" method=\"get\">\n\t\t\t<select  name='ht_tour_cat' id='custom-post-type-categories-dropdown-REPLACE_TO_ID' class='postform'>\n\t<option value='-1'>Select Category<\/option>\n\t<option class=\"level-0\" value=\"cruzeiros\">Cruzeiros&nbsp;&nbsp;(2)<\/option>\n\t<option class=\"level-0\" value=\"cultura\">Cultura&nbsp;&nbsp;(9)<\/option>\n\t<option class=\"level-0\" value=\"grandes-viagens\">Grandes Viagens&nbsp;&nbsp;(13)<\/option>\n\t<option class=\"level-0\" value=\"natureza\">Natureza&nbsp;&nbsp;(4)<\/option>\n\t<option class=\"level-0\" value=\"praia\">Praia&nbsp;&nbsp;(5)<\/option>\n\t<option class=\"level-0\" value=\"programas-america\">Programas no Destino &#8211; Estados Unidos da Am\u00e9rica&nbsp;&nbsp;(1)<\/option>\n\t<option class=\"level-0\" value=\"programas-vietnam\">Programas no Destino &#8211; Vietnam&nbsp;&nbsp;(1)<\/option>\n\t<option class=\"level-0\" value=\"programas-australia\">Programas no Destino \u2013 Austr\u00e1lia&nbsp;&nbsp;(1)<\/option>\n\t<option class=\"level-0\" value=\"safari\">Safari&nbsp;&nbsp;(1)<\/option>\n<\/select>\n<\/form>\n<script>\n\/* <![CDATA[ *\/\n(function() {\n\tvar dropdown = document.getElementById( \"custom-post-type-categories-dropdown-REPLACE_TO_ID\" );\n\tfunction onCatChange() {\n\t\tif ( dropdown.options[dropdown.selectedIndex].value ) {\n\t\t\treturn dropdown.form.submit();\n\t\t}\n\t}\n\tdropdown.onchange = onCatChange;\n})();\n\/* ]]> *\/\n<\/script>\n\t\t\t\t\t\t\t<\/div>\n\t\t\t\t<\/div>\n\t\t\t\t\t<\/div>\n\t\t<\/div>\n\t\t\t\t\t<\/div>\n\t\t<\/section>\n\t\t\t\t<section class=\"elementor-section elementor-top-section elementor-element elementor-element-42f9265 elementor-section-boxed elementor-section-height-default elementor-section-height-default\" data-id=\"42f9265\" data-element_type=\"section\" data-e-type=\"section\">\n\t\t\t\t\t\t<div class=\"elementor-container elementor-column-gap-default\">\n\t\t\t\t\t<div class=\"elementor-column elementor-col-100 elementor-top-column elementor-element elementor-element-74a1922\" data-id=\"74a1922\" data-element_type=\"column\" data-e-type=\"column\">\n\t\t\t<div class=\"elementor-widget-wrap elementor-element-populated\">\n\t\t\t\t\t\t<div class=\"elementor-element elementor-element-eed6145 elementor-grid-3 elementor-grid-tablet-2 elementor-grid-mobile-1 elementor-posts--thumbnail-top elementor-widget elementor-widget-posts\" data-id=\"eed6145\" data-element_type=\"widget\" data-e-type=\"widget\" data-settings=\"{&quot;classic_row_gap&quot;:{&quot;unit&quot;:&quot;px&quot;,&quot;size&quot;:10,&quot;sizes&quot;:[]},&quot;pagination_type&quot;:&quot;numbers&quot;,&quot;classic_columns&quot;:&quot;3&quot;,&quot;classic_columns_tablet&quot;:&quot;2&quot;,&quot;classic_columns_mobile&quot;:&quot;1&quot;,&quot;classic_row_gap_tablet&quot;:{&quot;unit&quot;:&quot;px&quot;,&quot;size&quot;:&quot;&quot;,&quot;sizes&quot;:[]},&quot;classic_row_gap_mobile&quot;:{&quot;unit&quot;:&quot;px&quot;,&quot;size&quot;:&quot;&quot;,&quot;sizes&quot;:[]}}\" data-widget_type=\"posts.classic\">\n\t\t\t\t<div class=\"elementor-widget-container\">\n\t\t\t\t\t\t\t<div class=\"elementor-posts-container elementor-posts elementor-posts--skin-classic elementor-grid\">\n\t\t\t\t<article class=\"elementor-post elementor-grid-item post-3721 ht_tour type-ht_tour status-publish has-post-thumbnail hentry ht_tour_cat-cruzeiros\">\n\t\t\t\t<a class=\"elementor-post__thumbnail__link\" href=\"https:\/\/galativiagens.com\/en\/tour\/cruzeiro-pelo-melhor-da-nova-zelandia-ponant-2\/\" tabindex=\"-1\" >\n\t\t\t<div class=\"elementor-post__thumbnail\"><img fetchpriority=\"high\" decoding=\"async\" width=\"750\" height=\"500\" src=\"https:\/\/galativiagens.com\/wp-content\/uploads\/2020\/03\/Nova-Zelandia-Costa-Le-Lyrial_5770.jpg\" class=\"attachment-full size-full wp-image-3723\" alt=\"\" srcset=\"https:\/\/galativiagens.com\/wp-content\/uploads\/2020\/03\/Nova-Zelandia-Costa-Le-Lyrial_5770.jpg 750w, https:\/\/galativiagens.com\/wp-content\/uploads\/2020\/03\/Nova-Zelandia-Costa-Le-Lyrial_5770-300x200.jpg 300w, https:\/\/galativiagens.com\/wp-content\/uploads\/2020\/03\/Nova-Zelandia-Costa-Le-Lyrial_5770-768x512.jpg 768w\" sizes=\"(max-width: 750px) 100vw, 750px\" \/><\/div>\n\t\t<\/a>\n\t\t\t\t<div class=\"elementor-post__text\">\n\t\t\t\t<h3 class=\"elementor-post__title\">\n\t\t\t<a href=\"https:\/\/galativiagens.com\/en\/tour\/cruzeiro-pelo-melhor-da-nova-zelandia-ponant-2\/\" >\n\t\t\t\tMelhor da Nova Zel\u00e2ndia &#8211; PONANT\t\t\t<\/a>\n\t\t<\/h3>\n\t\t\t\t<div class=\"elementor-post__excerpt\">\n\t\t\t<p><b>&#x1f4c5; 9 noites  |   &#x2708; Janeiro 2021<\/b><br \/>\n<br \/>\nEste cruzeiro convida-o a descobrir a Nova Zel\u00e2ndia, um destino \u00fanico com uma infinidade de tesouros naturais. Navegue a bordo do Le Laperouse para um cruzeiro de 10 dias de Auckland a Dunedin.<\/p>\n\t\t<\/div>\n\t\t\t\t\t<div class=\"elementor-post__read-more-wrapper\">\n\t\t\n\t\t<a class=\"elementor-post__read-more\" href=\"https:\/\/galativiagens.com\/en\/tour\/cruzeiro-pelo-melhor-da-nova-zelandia-ponant-2\/\" aria-label=\"Read more about Melhor da Nova Zel\u00e2ndia &#8211; PONANT\" tabindex=\"-1\" >\n\t\t\tDETALHES \u00bb\t\t<\/a>\n\n\t\t\t\t\t<\/div>\n\t\t\t\t<\/div>\n\t\t\t\t<\/article>\n\t\t\t\t<article class=\"elementor-post elementor-grid-item post-3567 ht_tour type-ht_tour status-publish has-post-thumbnail hentry ht_tour_cat-cruzeiros\">\n\t\t\t\t<a class=\"elementor-post__thumbnail__link\" href=\"https:\/\/galativiagens.com\/en\/tour\/expedicao-polar-cruzeiro\/\" tabindex=\"-1\" >\n\t\t\t<div class=\"elementor-post__thumbnail\"><img decoding=\"async\" width=\"2560\" height=\"1440\" src=\"https:\/\/galativiagens.com\/wp-content\/uploads\/2020\/01\/Expedi\u00e7\u00e3o-pelos-Polos_-Arctic-Le-Lyrial-Cruise-Boat-e1579716291557.jpg\" class=\"attachment-full size-full wp-image-2814\" alt=\"\" srcset=\"https:\/\/galativiagens.com\/wp-content\/uploads\/2020\/01\/Expedi\u00e7\u00e3o-pelos-Polos_-Arctic-Le-Lyrial-Cruise-Boat-e1579716291557.jpg 2560w, https:\/\/galativiagens.com\/wp-content\/uploads\/2020\/01\/Expedi\u00e7\u00e3o-pelos-Polos_-Arctic-Le-Lyrial-Cruise-Boat-e1579716291557-300x169.jpg 300w, https:\/\/galativiagens.com\/wp-content\/uploads\/2020\/01\/Expedi\u00e7\u00e3o-pelos-Polos_-Arctic-Le-Lyrial-Cruise-Boat-e1579716291557-1024x576.jpg 1024w, https:\/\/galativiagens.com\/wp-content\/uploads\/2020\/01\/Expedi\u00e7\u00e3o-pelos-Polos_-Arctic-Le-Lyrial-Cruise-Boat-e1579716291557-768x432.jpg 768w, https:\/\/galativiagens.com\/wp-content\/uploads\/2020\/01\/Expedi\u00e7\u00e3o-pelos-Polos_-Arctic-Le-Lyrial-Cruise-Boat-e1579716291557-1536x864.jpg 1536w, https:\/\/galativiagens.com\/wp-content\/uploads\/2020\/01\/Expedi\u00e7\u00e3o-pelos-Polos_-Arctic-Le-Lyrial-Cruise-Boat-e1579716291557-2048x1152.jpg 2048w\" sizes=\"(max-width: 2560px) 100vw, 2560px\" \/><\/div>\n\t\t<\/a>\n\t\t\t\t<div class=\"elementor-post__text\">\n\t\t\t\t<h3 class=\"elementor-post__title\">\n\t\t\t<a href=\"https:\/\/galativiagens.com\/en\/tour\/expedicao-polar-cruzeiro\/\" >\n\t\t\t\tExpedi\u00e7\u00e3o Polar &#8211; PONANT\t\t\t<\/a>\n\t\t<\/h3>\n\t\t\t\t<div class=\"elementor-post__excerpt\">\n\t\t\t<p><b>&#x1f4c5; 10 noites  |   &#x2708; Novembro 2021<\/b><br \/>\n<br \/>\nExpedi\u00e7\u00e3o polar ao cora\u00e7\u00e3o do reino de gelo que \u00e9 a Pen\u00ednsula da Ant\u00e1rtica. Embarque numa viagem inesquec\u00edvel de 11 dias e deixe se encantar pelas paisagens de tirar o f\u00f4lego habitadas por uma vida selvagem&#8230;<\/p>\n\t\t<\/div>\n\t\t\t\t\t<div class=\"elementor-post__read-more-wrapper\">\n\t\t\n\t\t<a class=\"elementor-post__read-more\" href=\"https:\/\/galativiagens.com\/en\/tour\/expedicao-polar-cruzeiro\/\" aria-label=\"Read more about Expedi\u00e7\u00e3o Polar &#8211; PONANT\" tabindex=\"-1\" >\n\t\t\tDETALHES \u00bb\t\t<\/a>\n\n\t\t\t\t\t<\/div>\n\t\t\t\t<\/div>\n\t\t\t\t<\/article>\n\t\t\t\t<article class=\"elementor-post elementor-grid-item post-3532 ht_tour type-ht_tour status-publish has-post-thumbnail hentry ht_tour_cat-praia\">\n\t\t\t\t<a class=\"elementor-post__thumbnail__link\" href=\"https:\/\/galativiagens.com\/en\/tour\/sao-tome-e-principe\/\" tabindex=\"-1\" >\n\t\t\t<div class=\"elementor-post__thumbnail\"><img decoding=\"async\" width=\"800\" height=\"385\" src=\"https:\/\/galativiagens.com\/wp-content\/uploads\/2020\/03\/S-Tom\u00e9-Praia-Coqueiros-1.jpg\" class=\"attachment-full size-full wp-image-3537\" alt=\"\" srcset=\"https:\/\/galativiagens.com\/wp-content\/uploads\/2020\/03\/S-Tom\u00e9-Praia-Coqueiros-1.jpg 800w, https:\/\/galativiagens.com\/wp-content\/uploads\/2020\/03\/S-Tom\u00e9-Praia-Coqueiros-1-300x144.jpg 300w, https:\/\/galativiagens.com\/wp-content\/uploads\/2020\/03\/S-Tom\u00e9-Praia-Coqueiros-1-768x370.jpg 768w\" sizes=\"(max-width: 800px) 100vw, 800px\" \/><\/div>\n\t\t<\/a>\n\t\t\t\t<div class=\"elementor-post__text\">\n\t\t\t\t<h3 class=\"elementor-post__title\">\n\t\t\t<a href=\"https:\/\/galativiagens.com\/en\/tour\/sao-tome-e-principe\/\" >\n\t\t\t\tS\u00e3o Tom\u00e9 e Pr\u00edncipe\t\t\t<\/a>\n\t\t<\/h3>\n\t\t\t\t<div class=\"elementor-post__excerpt\">\n\t\t\t<p><b>&#x1f4c5; 7 noites  |   &#x2708; Todo o Ano<\/b><br \/>\n<br \/>\nNum ambiente descontra\u00eddo, em S\u00e3o Tom\u00e9, sente-se no ar a for\u00e7a da natureza selvagem, onde abundam os coqueiros, combinado com os doces aromas do cacau e do caf\u00e9. No esp\u00edrito ficam&#8230;<\/p>\n\t\t<\/div>\n\t\t\t\t\t<div class=\"elementor-post__read-more-wrapper\">\n\t\t\n\t\t<a class=\"elementor-post__read-more\" href=\"https:\/\/galativiagens.com\/en\/tour\/sao-tome-e-principe\/\" aria-label=\"Read more about S\u00e3o Tom\u00e9 e Pr\u00edncipe\" tabindex=\"-1\" >\n\t\t\tDETALHES \u00bb\t\t<\/a>\n\n\t\t\t\t\t<\/div>\n\t\t\t\t<\/div>\n\t\t\t\t<\/article>\n\t\t\t\t<article class=\"elementor-post elementor-grid-item post-3516 ht_tour type-ht_tour status-publish has-post-thumbnail hentry ht_tour_cat-praia\">\n\t\t\t\t<a class=\"elementor-post__thumbnail__link\" href=\"https:\/\/galativiagens.com\/en\/tour\/punta-cana\/\" tabindex=\"-1\" >\n\t\t\t<div class=\"elementor-post__thumbnail\"><img loading=\"lazy\" decoding=\"async\" width=\"800\" height=\"449\" src=\"https:\/\/galativiagens.com\/wp-content\/uploads\/2020\/03\/Republica-Dominicana-Punta-Cana-Praia-e-Palmeiras.jpg\" class=\"attachment-full size-full wp-image-3523\" alt=\"\" srcset=\"https:\/\/galativiagens.com\/wp-content\/uploads\/2020\/03\/Republica-Dominicana-Punta-Cana-Praia-e-Palmeiras.jpg 800w, https:\/\/galativiagens.com\/wp-content\/uploads\/2020\/03\/Republica-Dominicana-Punta-Cana-Praia-e-Palmeiras-300x168.jpg 300w, https:\/\/galativiagens.com\/wp-content\/uploads\/2020\/03\/Republica-Dominicana-Punta-Cana-Praia-e-Palmeiras-768x431.jpg 768w\" sizes=\"(max-width: 800px) 100vw, 800px\" \/><\/div>\n\t\t<\/a>\n\t\t\t\t<div class=\"elementor-post__text\">\n\t\t\t\t<h3 class=\"elementor-post__title\">\n\t\t\t<a href=\"https:\/\/galativiagens.com\/en\/tour\/punta-cana\/\" >\n\t\t\t\tPunta Cana\t\t\t<\/a>\n\t\t<\/h3>\n\t\t\t\t<div class=\"elementor-post__excerpt\">\n\t\t\t<p><b>&#x1f4c5; 7 noites  |   &#x2708; Nov &#8211; Abr<\/b><br \/>\n<br \/>\nBem vindo a Punta Cana, situado este da Rep\u00fablica Dominicana tem uma extensa costa de praias de areia branca, mar azul turquesa e repleta de coqueiros, a verdadeira imagem do para\u00edso.\u00a0<\/p>\n\t\t<\/div>\n\t\t\t\t\t<div class=\"elementor-post__read-more-wrapper\">\n\t\t\n\t\t<a class=\"elementor-post__read-more\" href=\"https:\/\/galativiagens.com\/en\/tour\/punta-cana\/\" aria-label=\"Read more about Punta Cana\" tabindex=\"-1\" >\n\t\t\tDETALHES \u00bb\t\t<\/a>\n\n\t\t\t\t\t<\/div>\n\t\t\t\t<\/div>\n\t\t\t\t<\/article>\n\t\t\t\t<article class=\"elementor-post elementor-grid-item post-3489 ht_tour type-ht_tour status-publish has-post-thumbnail hentry ht_tour_cat-cultura ht_tour_cat-grandes-viagens\">\n\t\t\t\t<a class=\"elementor-post__thumbnail__link\" href=\"https:\/\/galativiagens.com\/en\/tour\/peru-no-caminho-dos-incas\/\" tabindex=\"-1\" >\n\t\t\t<div class=\"elementor-post__thumbnail\"><img loading=\"lazy\" decoding=\"async\" width=\"800\" height=\"532\" src=\"https:\/\/galativiagens.com\/wp-content\/uploads\/2020\/03\/Peru-Ancient-Marvels-Macchu-Picchu-Traditional-View.jpg\" class=\"attachment-full size-full wp-image-3490\" alt=\"\" srcset=\"https:\/\/galativiagens.com\/wp-content\/uploads\/2020\/03\/Peru-Ancient-Marvels-Macchu-Picchu-Traditional-View.jpg 800w, https:\/\/galativiagens.com\/wp-content\/uploads\/2020\/03\/Peru-Ancient-Marvels-Macchu-Picchu-Traditional-View-300x200.jpg 300w, https:\/\/galativiagens.com\/wp-content\/uploads\/2020\/03\/Peru-Ancient-Marvels-Macchu-Picchu-Traditional-View-768x511.jpg 768w\" sizes=\"(max-width: 800px) 100vw, 800px\" \/><\/div>\n\t\t<\/a>\n\t\t\t\t<div class=\"elementor-post__text\">\n\t\t\t\t<h3 class=\"elementor-post__title\">\n\t\t\t<a href=\"https:\/\/galativiagens.com\/en\/tour\/peru-no-caminho-dos-incas\/\" >\n\t\t\t\tPer\u00fa &#8211; No Caminho dos Incas\t\t\t<\/a>\n\t\t<\/h3>\n\t\t\t\t<div class=\"elementor-post__excerpt\">\n\t\t\t<p><b>&#x1f4c5; 12 noites  |   &#x2708; Mai &#8211; Set<\/b><br \/>\n<br \/>\nDescubra o Peru, um pa\u00eds com um passado rico em imp\u00e9rios poderosos, montanhas imponentes e patrim\u00f3nio colonial. Ir\u00e1 visitar cidades antigas espectaculares constru\u00eddas pela civiliza\u00e7\u00e3o inca&#8230;<\/p>\n\t\t<\/div>\n\t\t\t\t\t<div class=\"elementor-post__read-more-wrapper\">\n\t\t\n\t\t<a class=\"elementor-post__read-more\" href=\"https:\/\/galativiagens.com\/en\/tour\/peru-no-caminho-dos-incas\/\" aria-label=\"Read more about Per\u00fa &#8211; No Caminho dos Incas\" tabindex=\"-1\" >\n\t\t\tDETALHES \u00bb\t\t<\/a>\n\n\t\t\t\t\t<\/div>\n\t\t\t\t<\/div>\n\t\t\t\t<\/article>\n\t\t\t\t<article class=\"elementor-post elementor-grid-item post-3478 ht_tour type-ht_tour status-publish has-post-thumbnail hentry ht_tour_cat-praia\">\n\t\t\t\t<a class=\"elementor-post__thumbnail__link\" href=\"https:\/\/galativiagens.com\/en\/tour\/relaxe-nas-maldivas\/\" tabindex=\"-1\" >\n\t\t\t<div class=\"elementor-post__thumbnail\"><img loading=\"lazy\" decoding=\"async\" width=\"800\" height=\"450\" src=\"https:\/\/galativiagens.com\/wp-content\/uploads\/2020\/03\/Maldives-Paradise-Beach-1.jpg\" class=\"attachment-full size-full wp-image-3436\" alt=\"\" srcset=\"https:\/\/galativiagens.com\/wp-content\/uploads\/2020\/03\/Maldives-Paradise-Beach-1.jpg 800w, https:\/\/galativiagens.com\/wp-content\/uploads\/2020\/03\/Maldives-Paradise-Beach-1-300x169.jpg 300w, https:\/\/galativiagens.com\/wp-content\/uploads\/2020\/03\/Maldives-Paradise-Beach-1-768x432.jpg 768w\" sizes=\"(max-width: 800px) 100vw, 800px\" \/><\/div>\n\t\t<\/a>\n\t\t\t\t<div class=\"elementor-post__text\">\n\t\t\t\t<h3 class=\"elementor-post__title\">\n\t\t\t<a href=\"https:\/\/galativiagens.com\/en\/tour\/relaxe-nas-maldivas\/\" >\n\t\t\t\tRelaxe nas Maldivas\t\t\t<\/a>\n\t\t<\/h3>\n\t\t\t\t<div class=\"elementor-post__excerpt\">\n\t\t\t<p><b>&#x1f4c5; 7 noites  |   &#x2708; Nov &#8211; Abr<\/b><br \/>\n<br \/>\nIlhas tropicais com palmeiras, praias de areia branca pura e lagoas brilhantes em azul-turquesa, umas f\u00e9rias nas Maldivas s\u00e3o um verdeiro luxo que nunca dececiona. Situada no extremo sul da \u00cdndia&#8230;<\/p>\n\t\t<\/div>\n\t\t\t\t\t<div class=\"elementor-post__read-more-wrapper\">\n\t\t\n\t\t<a class=\"elementor-post__read-more\" href=\"https:\/\/galativiagens.com\/en\/tour\/relaxe-nas-maldivas\/\" aria-label=\"Read more about Relaxe nas Maldivas\" tabindex=\"-1\" >\n\t\t\tDETALHES \u00bb\t\t<\/a>\n\n\t\t\t\t\t<\/div>\n\t\t\t\t<\/div>\n\t\t\t\t<\/article>\n\t\t\t\t<\/div>\n\t\t\n\t\t\t\t<div class=\"e-load-more-anchor\" data-page=\"1\" data-max-page=\"4\" data-next-page=\"https:\/\/galativiagens.com\/en\/wp-json\/wp\/v2\/pages\/2729\/page\/2\/\"><\/div>\n\t\t\t\t<nav class=\"elementor-pagination\" aria-label=\"Pagination\">\n\t\t\t<span aria-current=\"page\" class=\"page-numbers current\"><span class=\"elementor-screen-only\">Page<\/span>1<\/span>\n<a class=\"page-numbers\" href=\"https:\/\/galativiagens.com\/en\/wp-json\/wp\/v2\/pages\/2729\/page\/2\/\"><span class=\"elementor-screen-only\">Page<\/span>2<\/a>\n<a class=\"page-numbers\" href=\"https:\/\/galativiagens.com\/en\/wp-json\/wp\/v2\/pages\/2729\/page\/3\/\"><span class=\"elementor-screen-only\">Page<\/span>3<\/a>\n<a class=\"page-numbers\" href=\"https:\/\/galativiagens.com\/en\/wp-json\/wp\/v2\/pages\/2729\/page\/4\/\"><span class=\"elementor-screen-only\">Page<\/span>4<\/a>\t\t<\/nav>\n\t\t\t\t\t\t<\/div>\n\t\t\t\t<\/div>\n\t\t\t\t\t<\/div>\n\t\t<\/div>\n\t\t\t\t\t<\/div>\n\t\t<\/section>\n\t\t\t\t<\/div>\n\t\t","protected":false},"excerpt":{"rendered":"","protected":false},"author":1,"featured_media":2499,"parent":0,"menu_order":3,"comment_status":"closed","ping_status":"closed","template":"","meta":{"footnotes":""},"class_list":["post-2729","page","type-page","status-publish","has-post-thumbnail","hentry"],"_links":{"self":[{"href":"https:\/\/galativiagens.com\/en\/wp-json\/wp\/v2\/pages\/2729","targetHints":{"allow":["GET"]}}],"collection":[{"href":"https:\/\/galativiagens.com\/en\/wp-json\/wp\/v2\/pages"}],"about":[{"href":"https:\/\/galativiagens.com\/en\/wp-json\/wp\/v2\/types\/page"}],"author":[{"embeddable":true,"href":"https:\/\/galativiagens.com\/en\/wp-json\/wp\/v2\/users\/1"}],"replies":[{"embeddable":true,"href":"https:\/\/galativiagens.com\/en\/wp-json\/wp\/v2\/comments?post=2729"}],"version-history":[{"count":24,"href":"https:\/\/galativiagens.com\/en\/wp-json\/wp\/v2\/pages\/2729\/revisions"}],"predecessor-version":[{"id":4612,"href":"https:\/\/galativiagens.com\/en\/wp-json\/wp\/v2\/pages\/2729\/revisions\/4612"}],"wp:featuredmedia":[{"embeddable":true,"href":"https:\/\/galativiagens.com\/en\/wp-json\/wp\/v2\/media\/2499"}],"wp:attachment":[{"href":"https:\/\/galativiagens.com\/en\/wp-json\/wp\/v2\/media?parent=2729"}],"curies":[{"name":"wp","href":"https:\/\/api.w.org\/{rel}","templated":true}]}}